{"id":989,"date":"2021-12-08T17:33:36","date_gmt":"2021-12-08T17:33:36","guid":{"rendered":"https:\/\/kugwiazdom.pl\/?page_id=989"},"modified":"2021-12-08T20:51:42","modified_gmt":"2021-12-08T20:51:42","slug":"mesmerize","status":"publish","type":"page","link":"https:\/\/kugwiazdom.pl\/","title":{"rendered":"Front Page"},"content":{"rendered":"<div  data-label=\"Content\" data-id=\"content--1\" data-export-id=\"content-12\" data-category=\"content\" class=\"content-12 content-section content-section-spacing\" id=\"content-1\" style=\"background-color: rgb(255, 255, 255);\"><div  class=\"gridContainer\"> <div  class=\"row text-center\"><div  class=\"section-title-col\" data-type=\"column\"> <h2  class=\"\"><span style=\"font-weight: 300; font-family: &quot;Open Sans&quot;, arial, helvetica, sans-serif;\" >Strona o astrofotografii i nie tylko.\n<\/span><br ><br ><br ><span style=\"font-weight: 300; font-family: &quot;Open Sans&quot;, arial, helvetica, sans-serif;\" >Trwa\u0142o to i trwa\u0142o, ale w ko\u0144cu odpali\u0142em stron\u0119 o moim hobby, czyli fotografowaniu obiekt\u00f3w g\u0142\u0119bokiego kosmosu. Stron\u0119 b\u0119d\u0119 sukcesywnie uzupe\u0142nia\u0142 o najnowsze zdj\u0119cia oraz archiwalne, wykonane starszym sprz\u0119tem.<\/span><br ><br ><span style=\"font-weight: 300; font-family: &quot;Open Sans&quot;, arial, helvetica, sans-serif;\" >Polecam skorzysta\u0107 z g\u00f3rnego menu, zw\u0142aszcza z pozycji Galeria &#x1f642;<\/span>&nbsp;<\/h2> <\/div> <\/div> <div  class=\"row center-xs middle-xs\"> <div  class=\"col-sm-9\" data-type=\"column\"> <\/div> <\/div><\/div> <\/div>","protected":false},"excerpt":{"rendered":"<p>Strona o astrofotografii i nie tylko. Trwa\u0142o to i trwa\u0142o, ale w ko\u0144cu odpali\u0142em stron\u0119 o moim hobby, czyli fotografowaniu obiekt\u00f3w g\u0142\u0119bokiego kosmosu. Stron\u0119 b\u0119d\u0119 sukcesywnie uzupe\u0142nia\u0142 o najnowsze zdj\u0119cia oraz archiwalne, wykonane starszym sprz\u0119tem.Polecam skorzysta\u0107 z g\u00f3rnego menu, zw\u0142aszcza z pozycji Galeria &#x1f642;&nbsp;<\/p>\n","protected":false},"author":1,"featured_media":0,"parent":0,"menu_order":0,"comment_status":"closed","ping_status":"closed","template":"page-templates\/homepage.php","meta":{"footnotes":""},"class_list":["post-989","page","type-page","status-publish","hentry"],"_links":{"self":[{"href":"https:\/\/kugwiazdom.pl\/index.php?rest_route=\/wp\/v2\/pages\/989","targetHints":{"allow":["GET"]}}],"collection":[{"href":"https:\/\/kugwiazdom.pl\/index.php?rest_route=\/wp\/v2\/pages"}],"about":[{"href":"https:\/\/kugwiazdom.pl\/index.php?rest_route=\/wp\/v2\/types\/page"}],"author":[{"embeddable":true,"href":"https:\/\/kugwiazdom.pl\/index.php?rest_route=\/wp\/v2\/users\/1"}],"replies":[{"embeddable":true,"href":"https:\/\/kugwiazdom.pl\/index.php?rest_route=%2Fwp%2Fv2%2Fcomments&post=989"}],"version-history":[{"count":2,"href":"https:\/\/kugwiazdom.pl\/index.php?rest_route=\/wp\/v2\/pages\/989\/revisions"}],"predecessor-version":[{"id":1014,"href":"https:\/\/kugwiazdom.pl\/index.php?rest_route=\/wp\/v2\/pages\/989\/revisions\/1014"}],"wp:attachment":[{"href":"https:\/\/kugwiazdom.pl\/index.php?rest_route=%2Fwp%2Fv2%2Fmedia&parent=989"}],"curies":[{"name":"wp","href":"https:\/\/api.w.org\/{rel}","templated":true}]}}