{"id":779,"date":"2019-05-05T19:04:30","date_gmt":"2019-05-05T19:04:30","guid":{"rendered":"http:\/\/kugwiazdom.pl\/?page_id=779"},"modified":"2021-12-08T21:47:07","modified_gmt":"2021-12-08T21:47:07","slug":"gromady","status":"publish","type":"page","link":"https:\/\/kugwiazdom.pl\/?page_id=779","title":{"rendered":"Gromady"},"content":{"rendered":"<div data-label=\"Gallery\" data-id=\"gallery--1\" data-export-id=\"gallery-1\" data-category=\"gallery\" class=\"gallery-1 content-section content-section-spacing\" id=\"gallery-1\"  style=\"background-color: rgb(255, 152, 0); background-image: none;\"><div class=\"gridContainer\" > <div class=\"row\" ><div class=\"section-title-col\" data-type=\"column\" > <h2 class=\"\" >Plejady &#8211; M45<\/h2> <p class=\"lead\" >Gromada otwarta znajduj\u0105ca si\u0119 444 lata \u015bwietlne od Ziemi, zlokalizowana w gwiazdozbiorze Byka, doskonale widoczna go\u0142ym okiem w okresie zimowym. W Japonii Plejady nosz\u0105 nazw\u0119 Subaru \u2013 logo tej marki w\u0142a\u015bnie do nich nawi\u0105zuje.<\/p><\/div> <\/div> <div class=\"row text-center\" > <div class=\"col-xs-12\" data-editable=\"true\" data-content-shortcode=\"mesmerize_gallery id=&quot;mesmerize-gallery-1&quot; columns=&quot;1&quot; ids=&quot;947&quot; lb=&quot;1&quot; masonry=&quot;1&quot; size=&quot;full&quot; link=&quot;file&quot; \" ><div id='mesmerize-gallery-1' class='gallery-wrapper'><style type=\"text\/css\">\n                    @media only screen and (min-width: 768px) {\n                    [data-unique-id='mesmerize-gallery-1-69da54f3a2c1e'] dl {\n                        float: left;\n                        width: 100% !important;\n                        max-width:  100% !important;\n                        min-width:  100% !important;\n                    }\n\n                    [data-unique-id='mesmerize-gallery-1-69da54f3a2c1e'] dl:nth-of-type(1n +1 ) {\n                      clear: both;\n                      }\n                    }\n                <\/style><div id='mesmerize-gallery-1' class='mesmerize-gallery-1-dls-wrapper gallery-items-wrapper materialis-gallery' data-unique-id='mesmerize-gallery-1-69da54f3a2c1e'><dl class='gallery-item'>\n\t\t\t<dt class='gallery-icon landscape'>\n\t\t\t\t<a data-fancybox=\"mesmerize-gallery-1-group\" href='https:\/\/kugwiazdom.pl\/wp-content\/uploads\/2019\/05\/M45_dss_9h20m76klatek_krzywe_poziomy_PS_-spike-1.jpg'><img fetchpriority=\"high\" decoding=\"async\"  width=\"2613\" height=\"2285\" src=\"https:\/\/kugwiazdom.pl\/wp-content\/uploads\/2019\/05\/M45_dss_9h20m76klatek_krzywe_poziomy_PS_-spike-1.jpg\"  class='mesmerize-gallery-1-image' alt=\"\" srcset=\"https:\/\/kugwiazdom.pl\/wp-content\/uploads\/2019\/05\/M45_dss_9h20m76klatek_krzywe_poziomy_PS_-spike-1.jpg 2613w, https:\/\/kugwiazdom.pl\/wp-content\/uploads\/2019\/05\/M45_dss_9h20m76klatek_krzywe_poziomy_PS_-spike-1-300x262.jpg 300w, https:\/\/kugwiazdom.pl\/wp-content\/uploads\/2019\/05\/M45_dss_9h20m76klatek_krzywe_poziomy_PS_-spike-1-768x672.jpg 768w, https:\/\/kugwiazdom.pl\/wp-content\/uploads\/2019\/05\/M45_dss_9h20m76klatek_krzywe_poziomy_PS_-spike-1-1024x895.jpg 1024w, https:\/\/kugwiazdom.pl\/wp-content\/uploads\/2019\/05\/M45_dss_9h20m76klatek_krzywe_poziomy_PS_-spike-1-1235x1080.jpg 1235w\" sizes=\"(max-width: 2613px) 100vw, 2613px\" \/><\/a>\n\t\t\t<\/dt><\/dl>\n\t\t<\/div>\n<script>(function($){window.MaterialisCaptionsGallery && window.MaterialisCaptionsGallery($('[data-unique-id=\"mesmerize-gallery-1-69da54f3a2c1e\"]'))})(jQuery)<\/script><\/div><\/div><\/div> <\/div><\/div>","protected":false},"excerpt":{"rendered":"<p>Plejady &#8211; M45 Gromada otwarta znajduj\u0105ca si\u0119 444 lata \u015bwietlne od Ziemi, zlokalizowana w gwiazdozbiorze Byka, doskonale widoczna go\u0142ym okiem w okresie zimowym. W Japonii Plejady nosz\u0105 nazw\u0119 Subaru \u2013 logo tej marki w\u0142a\u015bnie do nich nawi\u0105zuje.<\/p>\n","protected":false},"author":1,"featured_media":781,"parent":708,"menu_order":0,"comment_status":"open","ping_status":"closed","template":"pro\/page-templates\/full-width-page.php","meta":{"footnotes":""},"class_list":["post-779","page","type-page","status-publish","has-post-thumbnail","hentry"],"_links":{"self":[{"href":"https:\/\/kugwiazdom.pl\/index.php?rest_route=\/wp\/v2\/pages\/779","targetHints":{"allow":["GET"]}}],"collection":[{"href":"https:\/\/kugwiazdom.pl\/index.php?rest_route=\/wp\/v2\/pages"}],"about":[{"href":"https:\/\/kugwiazdom.pl\/index.php?rest_route=\/wp\/v2\/types\/page"}],"author":[{"embeddable":true,"href":"https:\/\/kugwiazdom.pl\/index.php?rest_route=\/wp\/v2\/users\/1"}],"replies":[{"embeddable":true,"href":"https:\/\/kugwiazdom.pl\/index.php?rest_route=%2Fwp%2Fv2%2Fcomments&post=779"}],"version-history":[{"count":7,"href":"https:\/\/kugwiazdom.pl\/index.php?rest_route=\/wp\/v2\/pages\/779\/revisions"}],"predecessor-version":[{"id":1033,"href":"https:\/\/kugwiazdom.pl\/index.php?rest_route=\/wp\/v2\/pages\/779\/revisions\/1033"}],"up":[{"embeddable":true,"href":"https:\/\/kugwiazdom.pl\/index.php?rest_route=\/wp\/v2\/pages\/708"}],"wp:featuredmedia":[{"embeddable":true,"href":"https:\/\/kugwiazdom.pl\/index.php?rest_route=\/wp\/v2\/media\/781"}],"wp:attachment":[{"href":"https:\/\/kugwiazdom.pl\/index.php?rest_route=%2Fwp%2Fv2%2Fmedia&parent=779"}],"curies":[{"name":"wp","href":"https:\/\/api.w.org\/{rel}","templated":true}]}}