{"id":772,"date":"2019-05-05T18:57:07","date_gmt":"2019-05-05T18:57:07","guid":{"rendered":"http:\/\/kugwiazdom.pl\/?page_id=772"},"modified":"2021-12-08T23:17:22","modified_gmt":"2021-12-08T23:17:22","slug":"mglawice","status":"publish","type":"page","link":"https:\/\/kugwiazdom.pl\/?page_id=772","title":{"rendered":"Mg\u0142awice"},"content":{"rendered":"<div  data-label=\"Gallery\" data-id=\"gallery--1\" data-export-id=\"gallery-1\" data-category=\"gallery\" class=\"gallery-1 content-section content-section-spacing\" id=\"gallery-1\" style=\"background-color: rgb(251, 163, 45); background-image: none;\"><div  class=\"gridContainer\"> <div  class=\"row\"><div  class=\"section-title-col\" data-type=\"column\"> <h2  class=\"\">Mg\u0142awica Rozeta \u2013 NGC2237<\/h2> <p  class=\"lead\">Mg\u0142awica emisyjna znajduj\u0105ca si\u0119 w konstelacji Jednoro\u017cca w odleg\u0142o\u015bci oko\u0142o 5200 lat \u015bwietlnych od Ziemi i rozci\u0105ga na obszarze 100 lat \u015bwietlnych. Zosta\u0142a odkryta w 1865 roku przez Lewisa Swifta.<\/p><\/div> <\/div> <div  class=\"row text-center\"> <div  class=\"col-xs-12\" data-editable=\"true\" data-content-shortcode=\"mesmerize_gallery id=&quot;mesmerize-gallery-1&quot; columns=&quot;1&quot; ids=&quot;1036&quot; lb=&quot;1&quot; masonry=&quot;1&quot; size=&quot;full&quot; link=&quot;file&quot; \"><div id='mesmerize-gallery-1' class='gallery-wrapper'><style type=\"text\/css\">\n                    @media only screen and (min-width: 768px) {\n                    [data-unique-id='mesmerize-gallery-1-69da5542e6c50'] dl {\n                        float: left;\n                        width: 100% !important;\n                        max-width:  100% !important;\n                        min-width:  100% !important;\n                    }\n\n                    [data-unique-id='mesmerize-gallery-1-69da5542e6c50'] dl:nth-of-type(1n +1 ) {\n                      clear: both;\n                      }\n                    }\n                <\/style><div id='mesmerize-gallery-1' class='mesmerize-gallery-1-dls-wrapper gallery-items-wrapper materialis-gallery' data-unique-id='mesmerize-gallery-1-69da5542e6c50'><dl class='gallery-item'>\n\t\t\t<dt class='gallery-icon landscape'>\n\t\t\t\t<a data-fancybox=\"mesmerize-gallery-1-group\" href='https:\/\/kugwiazdom.pl\/wp-content\/uploads\/2021\/12\/NGC2237-Mglawica_Rozeta-scaled.jpg'><img fetchpriority=\"high\" decoding=\"async\"  width=\"2560\" height=\"1955\" src=\"https:\/\/kugwiazdom.pl\/wp-content\/uploads\/2021\/12\/NGC2237-Mglawica_Rozeta-scaled.jpg\"  class='mesmerize-gallery-1-image' alt=\"\" srcset=\"https:\/\/kugwiazdom.pl\/wp-content\/uploads\/2021\/12\/NGC2237-Mglawica_Rozeta-scaled.jpg 2560w, https:\/\/kugwiazdom.pl\/wp-content\/uploads\/2021\/12\/NGC2237-Mglawica_Rozeta-300x229.jpg 300w, https:\/\/kugwiazdom.pl\/wp-content\/uploads\/2021\/12\/NGC2237-Mglawica_Rozeta-1024x782.jpg 1024w, https:\/\/kugwiazdom.pl\/wp-content\/uploads\/2021\/12\/NGC2237-Mglawica_Rozeta-768x587.jpg 768w, https:\/\/kugwiazdom.pl\/wp-content\/uploads\/2021\/12\/NGC2237-Mglawica_Rozeta-1536x1173.jpg 1536w, https:\/\/kugwiazdom.pl\/wp-content\/uploads\/2021\/12\/NGC2237-Mglawica_Rozeta-2048x1564.jpg 2048w, https:\/\/kugwiazdom.pl\/wp-content\/uploads\/2021\/12\/NGC2237-Mglawica_Rozeta-1414x1080.jpg 1414w\" sizes=\"(max-width: 2560px) 100vw, 2560px\" \/><\/a>\n\t\t\t<\/dt><\/dl>\n\t\t<\/div>\n<script>(function($){window.MaterialisCaptionsGallery && window.MaterialisCaptionsGallery($('[data-unique-id=\"mesmerize-gallery-1-69da5542e6c50\"]'))})(jQuery)<\/script><\/div><\/div><\/div> <\/div><\/div><div  data-label=\"Gallery\" data-id=\"gallery--2\" data-export-id=\"gallery-1\" data-category=\"gallery\" class=\"gallery-1 content-section content-section-spacing\" id=\"gallery-2\" style=\"background-color: rgb(251, 192, 45); background-image: none;\"><div  class=\"gridContainer\"> <div  class=\"row\"><div  class=\"section-title-col\" data-type=\"column\"> <h2  class=\"\">Mg\u0142awica Tr\u00f3jk\u0105t Pickeringa<\/h2> <p  class=\"lead\">Tr\u00f3jk\u0105t Pickeringa \u2013 pozosta\u0142o\u015bci po wybuchu supernowej, kt\u00f3ra mia\u0142a miejsce oko\u0142o 10 tysi\u0119cy lat temu i znajduje si\u0119 oko\u0142o 1440 lat \u015bwietlnych od nas.  Tr\u00f3jk\u0105t Pickeringa to niewielka cz\u0119\u015b\u0107  kompleksu po\u0142o\u017cona pomi\u0119dzy cz\u0119\u015bciami bardziej znanej mg\u0142awicy Veil.<\/p><\/div> <\/div> <div  class=\"row text-center\"> <div  class=\"col-xs-12\" data-editable=\"true\" data-content-shortcode=\"mesmerize_gallery id=&quot;mesmerize-gallery-1&quot; columns=&quot;1&quot; ids=&quot;859&quot; lb=&quot;1&quot; masonry=&quot;1&quot; size=&quot;full&quot; link=&quot;file&quot; \"><div id='mesmerize-gallery-1' class='gallery-wrapper'><style type=\"text\/css\">\n                    @media only screen and (min-width: 768px) {\n                    [data-unique-id='mesmerize-gallery-1-69da5542e72ce'] dl {\n                        float: left;\n                        width: 100% !important;\n                        max-width:  100% !important;\n                        min-width:  100% !important;\n                    }\n\n                    [data-unique-id='mesmerize-gallery-1-69da5542e72ce'] dl:nth-of-type(1n +1 ) {\n                      clear: both;\n                      }\n                    }\n                <\/style><div id='mesmerize-gallery-1' class='mesmerize-gallery-1-dls-wrapper gallery-items-wrapper materialis-gallery' data-unique-id='mesmerize-gallery-1-69da5542e72ce'><dl class='gallery-item'>\n\t\t\t<dt class='gallery-icon landscape'>\n\t\t\t\t<a data-fancybox=\"mesmerize-gallery-1-group\" href='https:\/\/kugwiazdom.pl\/wp-content\/uploads\/2019\/05\/NGC6960-Pickerings-Triangle_V2.jpg'><img decoding=\"async\"  width=\"4422\" height=\"3308\" src=\"https:\/\/kugwiazdom.pl\/wp-content\/uploads\/2019\/05\/NGC6960-Pickerings-Triangle_V2.jpg\"  class='mesmerize-gallery-1-image' alt=\"\" srcset=\"https:\/\/kugwiazdom.pl\/wp-content\/uploads\/2019\/05\/NGC6960-Pickerings-Triangle_V2.jpg 4422w, https:\/\/kugwiazdom.pl\/wp-content\/uploads\/2019\/05\/NGC6960-Pickerings-Triangle_V2-300x224.jpg 300w, https:\/\/kugwiazdom.pl\/wp-content\/uploads\/2019\/05\/NGC6960-Pickerings-Triangle_V2-768x575.jpg 768w, https:\/\/kugwiazdom.pl\/wp-content\/uploads\/2019\/05\/NGC6960-Pickerings-Triangle_V2-1024x766.jpg 1024w, https:\/\/kugwiazdom.pl\/wp-content\/uploads\/2019\/05\/NGC6960-Pickerings-Triangle_V2-1444x1080.jpg 1444w\" sizes=\"(max-width: 4422px) 100vw, 4422px\" \/><\/a>\n\t\t\t<\/dt><\/dl>\n\t\t<\/div>\n<script>(function($){window.MaterialisCaptionsGallery && window.MaterialisCaptionsGallery($('[data-unique-id=\"mesmerize-gallery-1-69da5542e72ce\"]'))})(jQuery)<\/script><\/div><\/div><\/div> <\/div><\/div><div  data-label=\"Gallery\" data-id=\"gallery--3\" data-export-id=\"gallery-1\" data-category=\"gallery\" class=\"gallery-1 content-section content-section-spacing\" id=\"gallery-3\" style=\"background-color: rgb(251, 163, 45); background-image: none;\"><div  class=\"gridContainer\"> <div  class=\"row\"><div  class=\"section-title-col\" data-type=\"column\"> <h2  class=\"\">Mg\u0142awica Miot\u0142a Wied\u017amy \u2013 NGC6960<\/h2> <p  class=\"lead\">Fragment pozosta\u0142o\u015bci po supernowej znajduj\u0105cej si\u0119 w konstelacji \u0141ab\u0119dzia. Odkryty 7 wrze\u015bnia 1784 roku przez Williama Herschela. Znajduje si\u0119 w odleg\u0142o\u015bci oko\u0142o 1400 lat \u015bwietlnych od Ziemi.<\/p><\/div> <\/div> <div  class=\"row text-center\"> <div  class=\"col-xs-12\" data-editable=\"true\" data-content-shortcode=\"mesmerize_gallery id=&quot;mesmerize-gallery-1&quot; columns=&quot;1&quot; ids=&quot;889&quot; lb=&quot;1&quot; masonry=&quot;1&quot; size=&quot;full&quot; link=&quot;file&quot; \"><div id='mesmerize-gallery-1' class='gallery-wrapper'><style type=\"text\/css\">\n                    @media only screen and (min-width: 768px) {\n                    [data-unique-id='mesmerize-gallery-1-69da5542e7790'] dl {\n                        float: left;\n                        width: 100% !important;\n                        max-width:  100% !important;\n                        min-width:  100% !important;\n                    }\n\n                    [data-unique-id='mesmerize-gallery-1-69da5542e7790'] dl:nth-of-type(1n +1 ) {\n                      clear: both;\n                      }\n                    }\n                <\/style><div id='mesmerize-gallery-1' class='mesmerize-gallery-1-dls-wrapper gallery-items-wrapper materialis-gallery' data-unique-id='mesmerize-gallery-1-69da5542e7790'><dl class='gallery-item'>\n\t\t\t<dt class='gallery-icon landscape'>\n\t\t\t\t<a data-fancybox=\"mesmerize-gallery-1-group\" href='https:\/\/kugwiazdom.pl\/wp-content\/uploads\/2019\/05\/NGC6960-Median_2a.jpg'><img decoding=\"async\"  width=\"3322\" height=\"3083\" src=\"https:\/\/kugwiazdom.pl\/wp-content\/uploads\/2019\/05\/NGC6960-Median_2a.jpg\"  class='mesmerize-gallery-1-image' alt=\"\" srcset=\"https:\/\/kugwiazdom.pl\/wp-content\/uploads\/2019\/05\/NGC6960-Median_2a.jpg 3322w, https:\/\/kugwiazdom.pl\/wp-content\/uploads\/2019\/05\/NGC6960-Median_2a-300x278.jpg 300w, https:\/\/kugwiazdom.pl\/wp-content\/uploads\/2019\/05\/NGC6960-Median_2a-768x713.jpg 768w, https:\/\/kugwiazdom.pl\/wp-content\/uploads\/2019\/05\/NGC6960-Median_2a-1024x950.jpg 1024w, https:\/\/kugwiazdom.pl\/wp-content\/uploads\/2019\/05\/NGC6960-Median_2a-1164x1080.jpg 1164w\" sizes=\"(max-width: 3322px) 100vw, 3322px\" \/><\/a>\n\t\t\t<\/dt><\/dl>\n\t\t<\/div>\n<script>(function($){window.MaterialisCaptionsGallery && window.MaterialisCaptionsGallery($('[data-unique-id=\"mesmerize-gallery-1-69da5542e7790\"]'))})(jQuery)<\/script><\/div><\/div><\/div> <\/div><\/div><div  data-label=\"Gallery\" data-id=\"gallery--4\" data-export-id=\"gallery-1\" data-category=\"gallery\" class=\"gallery-1 content-section content-section-spacing\" id=\"gallery-4\" style=\"background-color: rgb(251, 192, 45); background-image: none;\"><div  class=\"gridContainer\"> <div  class=\"row\"><div  class=\"section-title-col\" data-type=\"column\"> <h2  class=\"\">Mg\u0142awica Serce \u2013 IC1805<\/h2> <p  class=\"lead\">Mg\u0142awica znajduj\u0105ca si\u0119 w konstelacji Kasjopei w ramieniu Perseusza Drogi Mlecznej. Mg\u0142awica kszta\u0142tem przypomina ludzkie serce (\u015bwiadomie uci\u0119ta przeze mnie jedna komora \u2013 g\u00f3rna cz\u0119\u015b\u0107 zdj\u0119cia). Znajduje si\u0119 w odleg\u0142o\u015bci oko\u0142o 7500 lat \u015bwietlnych od Ziemi i rozci\u0105ga na niemal 200 lat \u015bwietlnych.<\/p><\/div> <\/div> <div  class=\"row text-center\"> <div  class=\"col-xs-12\" data-editable=\"true\" data-content-shortcode=\"mesmerize_gallery id=&quot;mesmerize-gallery-1&quot; columns=&quot;1&quot; ids=&quot;877&quot; lb=&quot;1&quot; masonry=&quot;1&quot; size=&quot;full&quot; link=&quot;file&quot; \"><div id='mesmerize-gallery-1' class='gallery-wrapper'><style type=\"text\/css\">\n                    @media only screen and (min-width: 768px) {\n                    [data-unique-id='mesmerize-gallery-1-69da5542e7c66'] dl {\n                        float: left;\n                        width: 100% !important;\n                        max-width:  100% !important;\n                        min-width:  100% !important;\n                    }\n\n                    [data-unique-id='mesmerize-gallery-1-69da5542e7c66'] dl:nth-of-type(1n +1 ) {\n                      clear: both;\n                      }\n                    }\n                <\/style><div id='mesmerize-gallery-1' class='mesmerize-gallery-1-dls-wrapper gallery-items-wrapper materialis-gallery' data-unique-id='mesmerize-gallery-1-69da5542e7c66'><dl class='gallery-item'>\n\t\t\t<dt class='gallery-icon landscape'>\n\t\t\t\t<a data-fancybox=\"mesmerize-gallery-1-group\" href='https:\/\/kugwiazdom.pl\/wp-content\/uploads\/2019\/05\/IC1805.jpg'><img loading=\"lazy\" decoding=\"async\"  width=\"4248\" height=\"3158\" src=\"https:\/\/kugwiazdom.pl\/wp-content\/uploads\/2019\/05\/IC1805.jpg\"  class='mesmerize-gallery-1-image' alt=\"\" srcset=\"https:\/\/kugwiazdom.pl\/wp-content\/uploads\/2019\/05\/IC1805.jpg 4248w, https:\/\/kugwiazdom.pl\/wp-content\/uploads\/2019\/05\/IC1805-300x223.jpg 300w, https:\/\/kugwiazdom.pl\/wp-content\/uploads\/2019\/05\/IC1805-768x571.jpg 768w, https:\/\/kugwiazdom.pl\/wp-content\/uploads\/2019\/05\/IC1805-1024x761.jpg 1024w, https:\/\/kugwiazdom.pl\/wp-content\/uploads\/2019\/05\/IC1805-1453x1080.jpg 1453w\" sizes=\"(max-width: 4248px) 100vw, 4248px\" \/><\/a>\n\t\t\t<\/dt><\/dl>\n\t\t<\/div>\n<script>(function($){window.MaterialisCaptionsGallery && window.MaterialisCaptionsGallery($('[data-unique-id=\"mesmerize-gallery-1-69da5542e7c66\"]'))})(jQuery)<\/script><\/div><\/div><\/div> <\/div><\/div><div  data-label=\"Gallery\" data-id=\"gallery--5\" data-export-id=\"gallery-1\" data-category=\"gallery\" class=\"gallery-1 content-section content-section-spacing\" id=\"gallery-5\" style=\"background-color: rgb(251, 163, 45); background-image: none;\"><div  class=\"gridContainer\"> <div  class=\"row\"><div  class=\"section-title-col\" data-type=\"column\"> <h2  class=\"\">Mg\u0142awica Ameryka P\u00f3\u0142nocna \u2013 NGC7000<\/h2> <p  class=\"lead\">Gazowo-py\u0142owa mg\u0142awica w gwiazdozbiorze \u0141ab\u0119dzia, znajduje si\u0119 ok. 1500-2000 lata \u015bwietlne od nas. Odkryta w 1786 roku przez Williama Herschela. Obszar ciemnego py\u0142u w \u015brodkowej cz\u0119\u015bci zdj\u0119cia przypomina Zatok\u0119 Meksyka\u0144sk\u0105, st\u0105d nazwa mg\u0142awicy.<\/p><\/div> <\/div> <div  class=\"row text-center\"> <div  class=\"col-xs-12\" data-editable=\"true\" data-content-shortcode=\"mesmerize_gallery id=&quot;mesmerize-gallery-1&quot; columns=&quot;1&quot; ids=&quot;965&quot; lb=&quot;1&quot; masonry=&quot;1&quot; size=&quot;full&quot; link=&quot;file&quot; \"><div id='mesmerize-gallery-1' class='gallery-wrapper'><style type=\"text\/css\">\n                    @media only screen and (min-width: 768px) {\n                    [data-unique-id='mesmerize-gallery-1-69da5542e80df'] dl {\n                        float: left;\n                        width: 100% !important;\n                        max-width:  100% !important;\n                        min-width:  100% !important;\n                    }\n\n                    [data-unique-id='mesmerize-gallery-1-69da5542e80df'] dl:nth-of-type(1n +1 ) {\n                      clear: both;\n                      }\n                    }\n                <\/style><div id='mesmerize-gallery-1' class='mesmerize-gallery-1-dls-wrapper gallery-items-wrapper materialis-gallery' data-unique-id='mesmerize-gallery-1-69da5542e80df'><dl class='gallery-item'>\n\t\t\t<dt class='gallery-icon landscape'>\n\t\t\t\t<a data-fancybox=\"mesmerize-gallery-1-group\" href='https:\/\/kugwiazdom.pl\/wp-content\/uploads\/2019\/05\/NGC7000_SdMask_dd_rp_spike_jasne.jpg'><img loading=\"lazy\" decoding=\"async\"  width=\"4656\" height=\"3520\" src=\"https:\/\/kugwiazdom.pl\/wp-content\/uploads\/2019\/05\/NGC7000_SdMask_dd_rp_spike_jasne.jpg\"  class='mesmerize-gallery-1-image' alt=\"\" srcset=\"https:\/\/kugwiazdom.pl\/wp-content\/uploads\/2019\/05\/NGC7000_SdMask_dd_rp_spike_jasne.jpg 4656w, https:\/\/kugwiazdom.pl\/wp-content\/uploads\/2019\/05\/NGC7000_SdMask_dd_rp_spike_jasne-300x227.jpg 300w, https:\/\/kugwiazdom.pl\/wp-content\/uploads\/2019\/05\/NGC7000_SdMask_dd_rp_spike_jasne-768x581.jpg 768w, https:\/\/kugwiazdom.pl\/wp-content\/uploads\/2019\/05\/NGC7000_SdMask_dd_rp_spike_jasne-1024x774.jpg 1024w, https:\/\/kugwiazdom.pl\/wp-content\/uploads\/2019\/05\/NGC7000_SdMask_dd_rp_spike_jasne-1429x1080.jpg 1429w\" sizes=\"(max-width: 4656px) 100vw, 4656px\" \/><\/a>\n\t\t\t<\/dt><\/dl>\n\t\t<\/div>\n<script>(function($){window.MaterialisCaptionsGallery && window.MaterialisCaptionsGallery($('[data-unique-id=\"mesmerize-gallery-1-69da5542e80df\"]'))})(jQuery)<\/script><\/div><\/div><\/div> <\/div><\/div><div  data-label=\"Gallery\" data-id=\"gallery--6\" data-export-id=\"gallery-1\" data-category=\"gallery\" class=\"gallery-1 content-section content-section-spacing\" id=\"gallery-6\" style=\"background-color: rgb(251, 192, 45); background-image: none;\"><div  class=\"gridContainer\"> <div  class=\"row\"><div  class=\"section-title-col\" data-type=\"column\"> <h2  class=\"\">Mg\u0142awica Tr\u0105ba S\u0142onia \u2013 IC1396<\/h2> <p  class=\"lead\">Gromada otwarta, powi\u0105zana z otaczaj\u0105c\u0105 j\u0105 mg\u0142awic\u0105 emisyjn\u0105. Zlokalizowana w gwiazdozbiorze Cefeusza, rozci\u0105ga si\u0119 na setki lat \u015bwietlnych, oddalona od nas na 3000 lat \u015bwietlnych.&nbsp;<\/p><\/div> <\/div> <div  class=\"row text-center\"> <div  class=\"col-xs-12\" data-editable=\"true\" data-content-shortcode=\"mesmerize_gallery id=&quot;mesmerize-gallery-1&quot; columns=&quot;1&quot; ids=&quot;1049&quot; lb=&quot;1&quot; masonry=&quot;1&quot; size=&quot;full&quot; link=&quot;file&quot; \"><div id='mesmerize-gallery-1' class='gallery-wrapper'><style type=\"text\/css\">\n                    @media only screen and (min-width: 768px) {\n                    [data-unique-id='mesmerize-gallery-1-69da5542e85e2'] dl {\n                        float: left;\n                        width: 100% !important;\n                        max-width:  100% !important;\n                        min-width:  100% !important;\n                    }\n\n                    [data-unique-id='mesmerize-gallery-1-69da5542e85e2'] dl:nth-of-type(1n +1 ) {\n                      clear: both;\n                      }\n                    }\n                <\/style><div id='mesmerize-gallery-1' class='mesmerize-gallery-1-dls-wrapper gallery-items-wrapper materialis-gallery' data-unique-id='mesmerize-gallery-1-69da5542e85e2'><dl class='gallery-item'>\n\t\t\t<dt class='gallery-icon landscape'>\n\t\t\t\t<a data-fancybox=\"mesmerize-gallery-1-group\" href='https:\/\/kugwiazdom.pl\/wp-content\/uploads\/2021\/12\/IC1396-Mglawica_Traba_Slonia-scaled.jpg'><img loading=\"lazy\" decoding=\"async\"  width=\"2560\" height=\"1840\" src=\"https:\/\/kugwiazdom.pl\/wp-content\/uploads\/2021\/12\/IC1396-Mglawica_Traba_Slonia-scaled.jpg\"  class='mesmerize-gallery-1-image' alt=\"\" srcset=\"https:\/\/kugwiazdom.pl\/wp-content\/uploads\/2021\/12\/IC1396-Mglawica_Traba_Slonia-scaled.jpg 2560w, https:\/\/kugwiazdom.pl\/wp-content\/uploads\/2021\/12\/IC1396-Mglawica_Traba_Slonia-300x216.jpg 300w, https:\/\/kugwiazdom.pl\/wp-content\/uploads\/2021\/12\/IC1396-Mglawica_Traba_Slonia-1024x736.jpg 1024w, https:\/\/kugwiazdom.pl\/wp-content\/uploads\/2021\/12\/IC1396-Mglawica_Traba_Slonia-768x552.jpg 768w, https:\/\/kugwiazdom.pl\/wp-content\/uploads\/2021\/12\/IC1396-Mglawica_Traba_Slonia-1536x1104.jpg 1536w, https:\/\/kugwiazdom.pl\/wp-content\/uploads\/2021\/12\/IC1396-Mglawica_Traba_Slonia-2048x1472.jpg 2048w, https:\/\/kugwiazdom.pl\/wp-content\/uploads\/2021\/12\/IC1396-Mglawica_Traba_Slonia-1502x1080.jpg 1502w\" sizes=\"(max-width: 2560px) 100vw, 2560px\" \/><\/a>\n\t\t\t<\/dt><\/dl>\n\t\t<\/div>\n<script>(function($){window.MaterialisCaptionsGallery && window.MaterialisCaptionsGallery($('[data-unique-id=\"mesmerize-gallery-1-69da5542e85e2\"]'))})(jQuery)<\/script><\/div><\/div><\/div> <\/div><\/div>","protected":false},"excerpt":{"rendered":"<p>Mg\u0142awica Rozeta \u2013 NGC2237 Mg\u0142awica emisyjna znajduj\u0105ca si\u0119 w konstelacji Jednoro\u017cca w odleg\u0142o\u015bci oko\u0142o 5200 lat \u015bwietlnych od Ziemi i rozci\u0105ga na obszarze 100 lat \u015bwietlnych. Zosta\u0142a odkryta w 1865 roku przez Lewisa Swifta. Mg\u0142awica Tr\u00f3jk\u0105t Pickeringa Tr\u00f3jk\u0105t Pickeringa \u2013 pozosta\u0142o\u015bci po wybuchu supernowej, kt\u00f3ra mia\u0142a miejsce oko\u0142o 10 tysi\u0119cy lat temu i znajduje si\u0119&hellip; <br \/> <a class=\"read-more\" href=\"https:\/\/kugwiazdom.pl\/?page_id=772\">Dowiedz si\u0119 wi\u0119cej<\/a><\/p>\n","protected":false},"author":1,"featured_media":774,"parent":708,"menu_order":0,"comment_status":"open","ping_status":"closed","template":"pro\/page-templates\/full-width-page.php","meta":{"footnotes":""},"class_list":["post-772","page","type-page","status-publish","has-post-thumbnail","hentry"],"_links":{"self":[{"href":"https:\/\/kugwiazdom.pl\/index.php?rest_route=\/wp\/v2\/pages\/772","targetHints":{"allow":["GET"]}}],"collection":[{"href":"https:\/\/kugwiazdom.pl\/index.php?rest_route=\/wp\/v2\/pages"}],"about":[{"href":"https:\/\/kugwiazdom.pl\/index.php?rest_route=\/wp\/v2\/types\/page"}],"author":[{"embeddable":true,"href":"https:\/\/kugwiazdom.pl\/index.php?rest_route=\/wp\/v2\/users\/1"}],"replies":[{"embeddable":true,"href":"https:\/\/kugwiazdom.pl\/index.php?rest_route=%2Fwp%2Fv2%2Fcomments&post=772"}],"version-history":[{"count":58,"href":"https:\/\/kugwiazdom.pl\/index.php?rest_route=\/wp\/v2\/pages\/772\/revisions"}],"predecessor-version":[{"id":1065,"href":"https:\/\/kugwiazdom.pl\/index.php?rest_route=\/wp\/v2\/pages\/772\/revisions\/1065"}],"up":[{"embeddable":true,"href":"https:\/\/kugwiazdom.pl\/index.php?rest_route=\/wp\/v2\/pages\/708"}],"wp:featuredmedia":[{"embeddable":true,"href":"https:\/\/kugwiazdom.pl\/index.php?rest_route=\/wp\/v2\/media\/774"}],"wp:attachment":[{"href":"https:\/\/kugwiazdom.pl\/index.php?rest_route=%2Fwp%2Fv2%2Fmedia&parent=772"}],"curies":[{"name":"wp","href":"https:\/\/api.w.org\/{rel}","templated":true}]}}