{"id":735,"date":"2019-04-15T20:59:31","date_gmt":"2019-04-15T20:59:31","guid":{"rendered":"http:\/\/kugwiazdom.pl\/?page_id=735"},"modified":"2024-12-17T22:18:49","modified_gmt":"2024-12-17T22:18:49","slug":"gala","status":"publish","type":"page","link":"https:\/\/kugwiazdom.pl\/?page_id=735","title":{"rendered":"Galaktyki"},"content":{"rendered":"<div  data-label=\"Gallery\" data-id=\"gallery--1\" data-export-id=\"gallery-1\" data-category=\"gallery\" class=\"gallery-1 content-section content-section-spacing content-relative\" id=\"gallery-1\" style=\"background-color: rgb(255, 152, 0); background-image: none;\" data-section-ov=\"1\"><div  class=\"gridContainer\"><div data-section-title-area=\"true\" class=\"row text-center\" >   <div class=\"section-title-col\" data-type=\"column\" >       <h2 class=\"\" >Galaktyka Andromedy &#8211; M31<\/h2>       <p class=\"lead\" >Galaktyka spiralna, le\u017c\u0105ca oko\u0142o 2,52 miliona lat \u015bwietlnych od Ziemi w gwiazdozbiorze Andromedy.Pierwsze udokumentowane obserwacje Galaktyki Andromedy przeprowadzi\u0142 w 964 roku perski astronom Abd Al-Rahman Al Sufi, opisuj\u0105c j\u0105 jako ma\u0142\u0105 chmurk\u0119 (przy dobrej widoczno\u015bci jest widoczna go\u0142ym okiem).<\/p>   <\/div><\/div>  <div  class=\"row text-center\"> <div  class=\"col-xs-12\" data-editable=\"true\" data-content-shortcode=\"mesmerize_gallery id=&quot;mesmerize-gallery-1&quot; columns=&quot;1&quot; ids=&quot;907&quot; lb=&quot;1&quot; masonry=&quot;1&quot; size=&quot;full&quot; link=&quot;file&quot; \"><div id='mesmerize-gallery-1' class='gallery-wrapper'><style type=\"text\/css\">\n                    @media only screen and (min-width: 768px) {\n                    [data-unique-id='mesmerize-gallery-1-69da547e83142'] dl {\n                        float: left;\n                        width: 100% !important;\n                        max-width:  100% !important;\n                        min-width:  100% !important;\n                    }\n\n                    [data-unique-id='mesmerize-gallery-1-69da547e83142'] dl:nth-of-type(1n +1 ) {\n                      clear: both;\n                      }\n                    }\n                <\/style><div id='mesmerize-gallery-1' class='mesmerize-gallery-1-dls-wrapper gallery-items-wrapper materialis-gallery' data-unique-id='mesmerize-gallery-1-69da547e83142'><dl class='gallery-item'>\n\t\t\t<dt class='gallery-icon landscape'>\n\t\t\t\t<a data-fancybox=\"mesmerize-gallery-1-group\" href='https:\/\/kugwiazdom.pl\/wp-content\/uploads\/2019\/05\/M31_600900_24_frames_5h_5m_DSS_ac-astro_ps.jpg'><img fetchpriority=\"high\" decoding=\"async\"  width=\"4290\" height=\"2856\" src=\"https:\/\/kugwiazdom.pl\/wp-content\/uploads\/2019\/05\/M31_600900_24_frames_5h_5m_DSS_ac-astro_ps.jpg\"  class='mesmerize-gallery-1-image' alt=\"\" srcset=\"https:\/\/kugwiazdom.pl\/wp-content\/uploads\/2019\/05\/M31_600900_24_frames_5h_5m_DSS_ac-astro_ps.jpg 4290w, https:\/\/kugwiazdom.pl\/wp-content\/uploads\/2019\/05\/M31_600900_24_frames_5h_5m_DSS_ac-astro_ps-300x200.jpg 300w, https:\/\/kugwiazdom.pl\/wp-content\/uploads\/2019\/05\/M31_600900_24_frames_5h_5m_DSS_ac-astro_ps-768x511.jpg 768w, https:\/\/kugwiazdom.pl\/wp-content\/uploads\/2019\/05\/M31_600900_24_frames_5h_5m_DSS_ac-astro_ps-1024x682.jpg 1024w, https:\/\/kugwiazdom.pl\/wp-content\/uploads\/2019\/05\/M31_600900_24_frames_5h_5m_DSS_ac-astro_ps-1622x1080.jpg 1622w, https:\/\/kugwiazdom.pl\/wp-content\/uploads\/2019\/05\/M31_600900_24_frames_5h_5m_DSS_ac-astro_ps-272x182.jpg 272w\" sizes=\"(max-width: 4290px) 100vw, 4290px\" \/><\/a>\n\t\t\t<\/dt><\/dl>\n\t\t<\/div>\n<script>(function($){window.MaterialisCaptionsGallery && window.MaterialisCaptionsGallery($('[data-unique-id=\"mesmerize-gallery-1-69da547e83142\"]'))})(jQuery)<\/script><\/div><\/div><\/div> <\/div><\/div><div data-label=\"Gallery\" data-id=\"gallery--2\" data-export-id=\"gallery-1\" data-category=\"gallery\" class=\"gallery-1 content-section content-section-spacing\" id=\"gallery-2\"  style=\"background-color: rgb(251, 192, 45); background-image: none;\"><div class=\"gridContainer\" > <div class=\"row\" ><div class=\"section-title-col\" data-type=\"column\" > <h2 class=\"\" >Galaktyka Wir &#8211; M51<\/h2> <p class=\"lead\" >Galaktyka Wir \u2013 galaktyka spiralna, le\u017c\u0105ca oko\u0142o 26 milion\u00f3w lat \u015bwietlnych od Ziemi w gwiazdozbiorze Ps\u00f3w Go\u0144czych, blisko ostatniej gwiazdy dyszla Wielkiego Wozu. Odkryta w 1773 roku przez Charles\u2019a Messiera.<\/p><\/div> <\/div> <div class=\"row text-center\" > <div class=\"col-xs-12\" data-editable=\"true\" data-content-shortcode=\"mesmerize_gallery id=&quot;mesmerize-gallery-1&quot; columns=&quot;1&quot; ids=&quot;1021&quot; lb=&quot;1&quot; masonry=&quot;1&quot; size=&quot;medium&quot; link=&quot;file&quot; \" ><div id='mesmerize-gallery-1' class='gallery-wrapper'><style type=\"text\/css\">\n                    @media only screen and (min-width: 768px) {\n                    [data-unique-id='mesmerize-gallery-1-69da547e836f3'] dl {\n                        float: left;\n                        width: 100% !important;\n                        max-width:  100% !important;\n                        min-width:  100% !important;\n                    }\n\n                    [data-unique-id='mesmerize-gallery-1-69da547e836f3'] dl:nth-of-type(1n +1 ) {\n                      clear: both;\n                      }\n                    }\n                <\/style><div id='mesmerize-gallery-1' class='mesmerize-gallery-1-dls-wrapper gallery-items-wrapper materialis-gallery' data-unique-id='mesmerize-gallery-1-69da547e836f3'><dl class='gallery-item'>\n\t\t\t<dt class='gallery-icon landscape'>\n\t\t\t\t<a data-fancybox=\"mesmerize-gallery-1-group\" href='https:\/\/kugwiazdom.pl\/wp-content\/uploads\/2021\/12\/M51-Galaktyka_Wir-e1638998552922.jpg'><img decoding=\"async\"  width=\"300\" height=\"214\" src=\"https:\/\/kugwiazdom.pl\/wp-content\/uploads\/2021\/12\/M51-Galaktyka_Wir-e1638998552922-300x214.jpg\"  class='mesmerize-gallery-1-image' alt=\"\" srcset=\"https:\/\/kugwiazdom.pl\/wp-content\/uploads\/2021\/12\/M51-Galaktyka_Wir-e1638998552922-300x214.jpg 300w, https:\/\/kugwiazdom.pl\/wp-content\/uploads\/2021\/12\/M51-Galaktyka_Wir-e1638998552922-1024x732.jpg 1024w, https:\/\/kugwiazdom.pl\/wp-content\/uploads\/2021\/12\/M51-Galaktyka_Wir-e1638998552922-768x549.jpg 768w, https:\/\/kugwiazdom.pl\/wp-content\/uploads\/2021\/12\/M51-Galaktyka_Wir-e1638998552922-1536x1097.jpg 1536w, https:\/\/kugwiazdom.pl\/wp-content\/uploads\/2021\/12\/M51-Galaktyka_Wir-e1638998552922-1512x1080.jpg 1512w, https:\/\/kugwiazdom.pl\/wp-content\/uploads\/2021\/12\/M51-Galaktyka_Wir-e1638998552922.jpg 1884w\" sizes=\"(max-width: 300px) 100vw, 300px\" \/><\/a>\n\t\t\t<\/dt><\/dl>\n\t\t<\/div>\n<script>(function($){window.MaterialisCaptionsGallery && window.MaterialisCaptionsGallery($('[data-unique-id=\"mesmerize-gallery-1-69da547e836f3\"]'))})(jQuery)<\/script><\/div><\/div><\/div> <\/div><\/div>","protected":false},"excerpt":{"rendered":"<p>Galaktyka Andromedy &#8211; M31 Galaktyka spiralna, le\u017c\u0105ca oko\u0142o 2,52 miliona lat \u015bwietlnych od Ziemi w gwiazdozbiorze Andromedy.Pierwsze udokumentowane obserwacje Galaktyki Andromedy przeprowadzi\u0142 w 964 roku perski astronom Abd Al-Rahman Al Sufi, opisuj\u0105c j\u0105 jako ma\u0142\u0105 chmurk\u0119 (przy dobrej widoczno\u015bci jest widoczna go\u0142ym okiem). Galaktyka Wir &#8211; M51 Galaktyka Wir \u2013 galaktyka spiralna, le\u017c\u0105ca oko\u0142o 26&hellip; <br \/> <a class=\"read-more\" href=\"https:\/\/kugwiazdom.pl\/?page_id=735\">Dowiedz si\u0119 wi\u0119cej<\/a><\/p>\n","protected":false},"author":1,"featured_media":771,"parent":708,"menu_order":0,"comment_status":"open","ping_status":"closed","template":"pro\/page-templates\/full-width-page.php","meta":{"footnotes":""},"class_list":["post-735","page","type-page","status-publish","has-post-thumbnail","hentry"],"_links":{"self":[{"href":"https:\/\/kugwiazdom.pl\/index.php?rest_route=\/wp\/v2\/pages\/735","targetHints":{"allow":["GET"]}}],"collection":[{"href":"https:\/\/kugwiazdom.pl\/index.php?rest_route=\/wp\/v2\/pages"}],"about":[{"href":"https:\/\/kugwiazdom.pl\/index.php?rest_route=\/wp\/v2\/types\/page"}],"author":[{"embeddable":true,"href":"https:\/\/kugwiazdom.pl\/index.php?rest_route=\/wp\/v2\/users\/1"}],"replies":[{"embeddable":true,"href":"https:\/\/kugwiazdom.pl\/index.php?rest_route=%2Fwp%2Fv2%2Fcomments&post=735"}],"version-history":[{"count":11,"href":"https:\/\/kugwiazdom.pl\/index.php?rest_route=\/wp\/v2\/pages\/735\/revisions"}],"predecessor-version":[{"id":1028,"href":"https:\/\/kugwiazdom.pl\/index.php?rest_route=\/wp\/v2\/pages\/735\/revisions\/1028"}],"up":[{"embeddable":true,"href":"https:\/\/kugwiazdom.pl\/index.php?rest_route=\/wp\/v2\/pages\/708"}],"wp:featuredmedia":[{"embeddable":true,"href":"https:\/\/kugwiazdom.pl\/index.php?rest_route=\/wp\/v2\/media\/771"}],"wp:attachment":[{"href":"https:\/\/kugwiazdom.pl\/index.php?rest_route=%2Fwp%2Fv2%2Fmedia&parent=735"}],"curies":[{"name":"wp","href":"https:\/\/api.w.org\/{rel}","templated":true}]}}