{"id":709,"date":"2019-04-14T20:25:47","date_gmt":"2019-04-14T20:25:47","guid":{"rendered":"http:\/\/kugwiazdom.pl\/?page_id=709"},"modified":"2025-10-01T05:35:20","modified_gmt":"2025-10-01T05:35:20","slug":"moje-obserwatorium","status":"publish","type":"page","link":"https:\/\/kugwiazdom.pl\/?page_id=709","title":{"rendered":"Moje obserwatorium"},"content":{"rendered":"\t\t<div data-elementor-type=\"wp-page\" data-elementor-id=\"709\" class=\"elementor elementor-709\">\n\t\t\t\t\t\t<section class=\"elementor-section elementor-top-section elementor-element elementor-element-55faa426 elementor-section-boxed elementor-section-height-default elementor-section-height-default\" data-id=\"55faa426\" data-element_type=\"section\">\n\t\t\t\t\t\t<div class=\"elementor-container elementor-column-gap-default\">\n\t\t\t\t\t<div class=\"elementor-column elementor-col-100 elementor-top-column elementor-element elementor-element-2f00bed0\" data-id=\"2f00bed0\" data-element_type=\"column\">\n\t\t\t<div class=\"elementor-widget-wrap elementor-element-populated\">\n\t\t\t\t\t\t<div class=\"elementor-element elementor-element-3eac11f9 elementor-widget elementor-widget-text-editor\" data-id=\"3eac11f9\" data-element_type=\"widget\" data-widget_type=\"text-editor.default\">\n\t\t\t\t<div class=\"elementor-widget-container\">\n\t\t\t\t\t\t\t\t\t<div data-label=\"About\" data-id=\"about--1\" data-export-id=\"about-2\" data-category=\"about\" class=\"about-2 content-section content-section-spacing\" id=\"about-1\"  style=\"background-color: rgb(255, 255, 255);\"><div class=\"gridContainer\" > <div class=\"row\" ><div class=\"col-sm-6 no-gutter-col flexbox-strech center-xs middle-xs\" > <div class=\"lightbox-video dark-overlay shadow-large overlap-right-large flexbox middle-xs center-xs\" data-type=\"group\" data-bg=\"image\"  style=\"background-image: url(&quot;https:\/\/kugwiazdom.pl\/wp-content\/uploads\/2019\/05\/cropped-video-placeholder-1024x573-1.png&quot;);\"> <a data-fancybox=\"\" data-video-lightbox=\"true\" href=\"https:\/\/youtu.be\/T7z3Awvh0qE\" target=\"_self\" rel=\"noopener\"> <i data-cp-fa=\"true\" class=\"fa video-icon fa-play-circle-o color-white\" ><\/i><\/a> <\/div><\/div> <div class=\"col-sm-6 space-bottom-xs col-padding-small-xs col-sm-padding-large white-text content-col bg-color5\" data-type=\"column\" > <h2 class=\"\" >Film prezentuj\u0105cy dzia\u0142anie kopu\u0142y astronomicznej<\/h2> <\/div> <\/div><\/div> <\/div>\t\t\t\t\t\t\t\t<\/div>\n\t\t\t\t<\/div>\n\t\t\t\t<div class=\"elementor-element elementor-element-faabb03 elementor-widget elementor-widget-heading\" data-id=\"faabb03\" data-element_type=\"widget\" data-widget_type=\"heading.default\">\n\t\t\t\t<div class=\"elementor-widget-container\">\n\t\t\t\t\t<h2 class=\"elementor-heading-title elementor-size-default\"><br>Poni\u017cej aktualny stan nieba nad Zegrzem<\/h2>\t\t\t\t<\/div>\n\t\t\t\t<\/div>\n\t\t\t\t\t<\/div>\n\t\t<\/div>\n\t\t\t\t\t<\/div>\n\t\t<\/section>\n\t\t\t\t<section class=\"elementor-section elementor-top-section elementor-element elementor-element-812bce0 elementor-section-boxed elementor-section-height-default elementor-section-height-default\" data-id=\"812bce0\" data-element_type=\"section\">\n\t\t\t\t\t\t<div class=\"elementor-container elementor-column-gap-default\">\n\t\t\t\t\t<div class=\"elementor-column elementor-col-100 elementor-top-column elementor-element elementor-element-9132933\" data-id=\"9132933\" data-element_type=\"column\">\n\t\t\t<div class=\"elementor-widget-wrap elementor-element-populated\">\n\t\t\t\t\t\t<div class=\"elementor-element elementor-element-6721d74 elementor-widget elementor-widget-text-editor\" data-id=\"6721d74\" data-element_type=\"widget\" data-widget_type=\"text-editor.default\">\n\t\t\t\t<div class=\"elementor-widget-container\">\n\t\t\t\t\t\t\t\t\t<p>Zapraszam do dedykowanej strony AllSky, na kt\u00f3rej opr\u00f3cz podgl\u0105du nieba s\u0105 jeszcze timelapsy, startrailsy i keogramy.\u00a0<a style=\"font-family: var( --e-global-typography-text-font-family ), Sans-serif;\" href=\"https:\/\/kugwiazdom.pl\/allsky\/index.php\" target=\"_blank\" rel=\"noopener\">Kliknij tutaj<\/a><\/p>\t\t\t\t\t\t\t\t<\/div>\n\t\t\t\t<\/div>\n\t\t\t\t<div class=\"elementor-element elementor-element-283adb0 elementor-widget elementor-widget-image\" data-id=\"283adb0\" data-element_type=\"widget\" data-widget_type=\"image.default\">\n\t\t\t\t<div class=\"elementor-widget-container\">\n\t\t\t\t\t\t\t\t\t\t\t\t\t\t\t\t<a href=\"https:\/\/kugwiazdom.pl\/public_html\/allsky\/image.jpg\" data-elementor-open-lightbox=\"yes\" data-e-action-hash=\"#elementor-action%3Aaction%3Dlightbox%26settings%3DW10%3D\">\n\t\t\t\t\t\t\t<img decoding=\"async\" src=\"https:\/\/kugwiazdom.pl\/public_html\/allsky\/image.jpg\" title=\"\" alt=\"\" loading=\"lazy\" \/>\t\t\t\t\t\t\t\t<\/a>\n\t\t\t\t\t\t\t\t\t\t\t\t\t\t\t<\/div>\n\t\t\t\t<\/div>\n\t\t\t\t<div class=\"elementor-element elementor-element-879fef2 elementor-widget elementor-widget-image\" data-id=\"879fef2\" data-element_type=\"widget\" data-widget_type=\"image.default\">\n\t\t\t\t<div class=\"elementor-widget-container\">\n\t\t\t\t\t\t\t\t\t\t\t\t\t\t\t\t<a href=\"https:\/\/kugwiazdom.pl\/wp-content\/uploads\/image.jpg\" data-elementor-open-lightbox=\"yes\" data-e-action-hash=\"#elementor-action%3Aaction%3Dlightbox%26settings%3DW10%3D\">\n\t\t\t\t\t\t\t<img decoding=\"async\" src=\"https:\/\/kugwiazdom.pl\/wp-content\/uploads\/image.jpg\" title=\"\" alt=\"\" loading=\"lazy\" \/>\t\t\t\t\t\t\t\t<\/a>\n\t\t\t\t\t\t\t\t\t\t\t\t\t\t\t<\/div>\n\t\t\t\t<\/div>\n\t\t\t\t\t<\/div>\n\t\t<\/div>\n\t\t\t\t\t<\/div>\n\t\t<\/section>\n\t\t\t\t<\/div>\n\t\t","protected":false},"excerpt":{"rendered":"<p>Film prezentuj\u0105cy dzia\u0142anie kopu\u0142y astronomicznej Poni\u017cej aktualny stan nieba nad Zegrzem Zapraszam do dedykowanej strony AllSky, na kt\u00f3rej opr\u00f3cz podgl\u0105du nieba s\u0105 jeszcze timelapsy, startrailsy i keogramy.\u00a0Kliknij tutaj<\/p>\n","protected":false},"author":1,"featured_media":699,"parent":0,"menu_order":0,"comment_status":"open","ping_status":"closed","template":"pro\/page-templates\/full-width-page.php","meta":{"footnotes":""},"class_list":["post-709","page","type-page","status-publish","has-post-thumbnail","hentry"],"_links":{"self":[{"href":"https:\/\/kugwiazdom.pl\/index.php?rest_route=\/wp\/v2\/pages\/709","targetHints":{"allow":["GET"]}}],"collection":[{"href":"https:\/\/kugwiazdom.pl\/index.php?rest_route=\/wp\/v2\/pages"}],"about":[{"href":"https:\/\/kugwiazdom.pl\/index.php?rest_route=\/wp\/v2\/types\/page"}],"author":[{"embeddable":true,"href":"https:\/\/kugwiazdom.pl\/index.php?rest_route=\/wp\/v2\/users\/1"}],"replies":[{"embeddable":true,"href":"https:\/\/kugwiazdom.pl\/index.php?rest_route=%2Fwp%2Fv2%2Fcomments&post=709"}],"version-history":[{"count":29,"href":"https:\/\/kugwiazdom.pl\/index.php?rest_route=\/wp\/v2\/pages\/709\/revisions"}],"predecessor-version":[{"id":1099,"href":"https:\/\/kugwiazdom.pl\/index.php?rest_route=\/wp\/v2\/pages\/709\/revisions\/1099"}],"wp:featuredmedia":[{"embeddable":true,"href":"https:\/\/kugwiazdom.pl\/index.php?rest_route=\/wp\/v2\/media\/699"}],"wp:attachment":[{"href":"https:\/\/kugwiazdom.pl\/index.php?rest_route=%2Fwp%2Fv2%2Fmedia&parent=709"}],"curies":[{"name":"wp","href":"https:\/\/api.w.org\/{rel}","templated":true}]}}